{"id":23,"date":"2014-09-15T12:33:58","date_gmt":"2014-09-15T12:33:58","guid":{"rendered":"http:\/\/www.countzero.fi\/?page_id=23"},"modified":"2020-10-29T11:25:55","modified_gmt":"2020-10-29T11:25:55","slug":"yrityksesta","status":"publish","type":"page","link":"http:\/\/www.countzero.fi\/fi\/","title":{"rendered":"Yrityksest\u00e4"},"content":{"rendered":"<h1>Count Zero<\/h1>\n<p>Count Zero on suomalainen yritys, joka toimittaa eritt\u00e4in korkean asiantuntemuksen tietotekniikkapalveluita, kuten arkkitehtuurisuunnittelua, ohjelmistokehityst\u00e4, j\u00e4rjestelm\u00e4integraatioita sek\u00e4 opetusta ett\u00e4 mentorointia n\u00e4ille alueille.<\/p>\n<h1>Koulutus<\/h1>\n<blockquote><p>Se on helppoa, kun sen osaa.<\/p><\/blockquote>\n<p>Ty\u00f6ntekij\u00f6iden osaaminen on erinomaisen t\u00e4rke\u00e4 asia kaikille organisaatioille. Joko teill\u00e4kin on selke\u00e4 koulutussuunnitelma niin aloittaville ty\u00f6ntekij\u00f6ille kuin osaamistaan syvent\u00e4ville asiantuntijoille?<\/p>\n<p>Kysy lis\u00e4\u00e4 teid\u00e4n organisaation omien koulutusohjelmien ja -materiaalin toteutuksesta, sek\u00e4 teille r\u00e4\u00e4t\u00e4l\u00f6ityjen koulutustilaisuuksien suunnittelusta ett\u00e4 koulutuksien j\u00e4rjest\u00e4misest\u00e4.<\/p>\n<h1>Arkkitehtuuri<\/h1>\n<blockquote><p>Vahvan perustan p\u00e4\u00e4lle on hyv\u00e4 rakentaa.<\/p><\/blockquote>\n<p>Arkkitehtuurisuunnitelmat vaikuttavat pitk\u00e4n aikaa j\u00e4rjestelm\u00e4n rakentamisen j\u00e4lkeen. Suurin osa j\u00e4rjestelm\u00e4n kustannuksista syntyy yll\u00e4pitovaiheesta, onko teill\u00e4 varaa j\u00e4tt\u00e4\u00e4 arkkitehtuurin tekeminen heikolle pohjalle?<\/p>\n<p>Kysy lis\u00e4\u00e4 liiketoiminnallenne sopivista arkkitehtuureista, ottaen huomioon kokonaiskustannuksten, yll\u00e4pidett\u00e4vyyden, k\u00e4ytett\u00e4vyyden, suorituskyvyn ja saatavuuden n\u00e4k\u00f6kulmat.<\/p>\n<h1>Infrastruktuuri<\/h1>\n<blockquote><p>Vieriv\u00e4 kivi ei sammaloidu.<\/p><\/blockquote>\n<p>Onhan teill\u00e4kin uusien toiminnallisuuksien vieminen tuotantoon yht\u00e4 jatkuva ja jouheva prosessi? Devops, eli ohjelmistotuotannon prosessien hiominen mahdollisimman kitkattomiksi ja joustaviksi, jotta uusien palveluiden k\u00e4ytt\u00f6\u00f6notto on helppoa sek\u00e4 nopeaa. T\u00e4m\u00e4n lis\u00e4ksi kyseess\u00e4 on infrastruktuurin hallinnan automatisointi ja eri ymp\u00e4rist\u00f6jen tilan n\u00e4kyvyyden parantaminen.<\/p>\n<p>Kysy lis\u00e4\u00e4 prosessien tehostamisesta ja automatisoinnista, niin infrastruktuurin kuin ohjelmistokehityksen osalta, sek\u00e4 j\u00e4rjestelmien ett\u00e4 prosessien n\u00e4kyvyyden parantamisesta liiketoiminnalle.<\/p>\n<h1>Teknologiat<\/h1>\n<p>P\u00e4\u00e4asialliset teknologia-alueet ovat Node.js, JavaScript, Docker &amp; Kubernetes, Java, Oracle Fusion Middleware, Temenos T24, Oracle WebLogic Server, Oracle SOA Suite, Oracle Service Bus, IBM API Connect, IBM DataPower, Splunk ja JBoss Application Server.<\/p>\n<h1>Tietoja yrityksest\u00e4<\/h1>\n<p>Perustettu: Syyskuu 2007<\/p>\n<p>Perustaja ja omistaja: Juha Holopainen<br \/>\nY-tunnus: 2137403-6<\/p>\n<h1>Yhteystiedot<\/h1>\n<p>S\u00e4hk\u00f6posti: info (a) countzero.fi<\/p>\n<p>Puhelinnumero: +358.40.521.4834<\/p>\n\n<!-- NgfbSharing::get_buttons content filter skipped: buttons_on_index not enabled -->\n","protected":false},"excerpt":{"rendered":"<p>Count Zero Count Zero on suomalainen yritys, joka toimittaa eritt\u00e4in korkean asiantuntemuksen tietotekniikkapalveluita, kuten arkkitehtuurisuunnittelua, ohjelmistokehityst\u00e4, j\u00e4rjestelm\u00e4integraatioita sek\u00e4 opetusta ett\u00e4 mentorointia n\u00e4ille alueille. Koulutus Se on helppoa, kun sen osaa. Ty\u00f6ntekij\u00f6iden osaaminen on erinomaisen t\u00e4rke\u00e4 asia kaikille organisaatioille. Joko teill\u00e4kin<\/p>\n","protected":false},"author":1,"featured_media":0,"parent":0,"menu_order":0,"comment_status":"open","ping_status":"open","template":"","meta":{"_monsterinsights_skip_tracking":false,"_monsterinsights_sitenote_active":false,"_monsterinsights_sitenote_note":"","_monsterinsights_sitenote_category":0,"footnotes":""},"class_list":["post-23","page","type-page","status-publish","hentry"],"_links":{"self":[{"href":"http:\/\/www.countzero.fi\/fi\/wp-json\/wp\/v2\/pages\/23","targetHints":{"allow":["GET"]}}],"collection":[{"href":"http:\/\/www.countzero.fi\/fi\/wp-json\/wp\/v2\/pages"}],"about":[{"href":"http:\/\/www.countzero.fi\/fi\/wp-json\/wp\/v2\/types\/page"}],"author":[{"embeddable":true,"href":"http:\/\/www.countzero.fi\/fi\/wp-json\/wp\/v2\/users\/1"}],"replies":[{"embeddable":true,"href":"http:\/\/www.countzero.fi\/fi\/wp-json\/wp\/v2\/comments?post=23"}],"version-history":[{"count":3,"href":"http:\/\/www.countzero.fi\/fi\/wp-json\/wp\/v2\/pages\/23\/revisions"}],"predecessor-version":[{"id":115,"href":"http:\/\/www.countzero.fi\/fi\/wp-json\/wp\/v2\/pages\/23\/revisions\/115"}],"wp:attachment":[{"href":"http:\/\/www.countzero.fi\/fi\/wp-json\/wp\/v2\/media?parent=23"}],"curies":[{"name":"wp","href":"https:\/\/api.w.org\/{rel}","templated":true}]}}